{"id":1882,"date":"2020-06-03T14:30:31","date_gmt":"2020-06-03T12:30:31","guid":{"rendered":"https:\/\/www.golffrance.eu\/?page_id=1882"},"modified":"2020-06-03T14:32:10","modified_gmt":"2020-06-03T12:32:10","slug":"politique-de-confidentialite","status":"publish","type":"page","link":"https:\/\/www.golffrance.eu\/fr\/politique-de-confidentialite\/","title":{"rendered":"Politique de Confidentialit\u00e9"},"content":{"rendered":"\n<h2 class=\"wp-block-heading\"><strong>Introduction<\/strong><\/h2>\n\n\n\n<p>Devant le d\u00e9veloppement des nouveaux outils de communication, il est n\u00e9cessaire de porter une attention particuli\u00e8re \u00e0 la protection de la vie priv\u00e9e. C\u2019est pourquoi, nous nous engageons \u00e0 respecter la confidentialit\u00e9 des renseignements personnels que nous collectons.<\/p>\n\n\n\n<hr class=\"wp-block-separator\"\/>\n\n\n\n<h2 class=\"wp-block-heading\">Collecte des renseignements personnels<\/h2>\n\n\n\n<p>Nous collectons les renseignements suivants :<\/p>\n\n\n\n<ul class=\"wp-block-list\"><li>Nom<\/li><li>Pr\u00e9nom<\/li><li>Adresse postale<\/li><li>Code postal<\/li><li>Adresse \u00e9lectronique<\/li><li>Num\u00e9ro de t\u00e9l\u00e9phone \/ t\u00e9l\u00e9copieur<\/li><\/ul>\n\n\n\n<p>Les renseignements personnels que nous collectons sont recueillis au travers de formulaires et gr\u00e2ce \u00e0 l\u2019interactivit\u00e9 \u00e9tablie entre vous et notre site Web. Nous utilisons \u00e9galement, comme indiqu\u00e9 dans la section suivante, des fichiers t\u00e9moins et\/ou journaux pour r\u00e9unir des informations vous concernant.<\/p>\n\n\n\n<hr class=\"wp-block-separator\"\/>\n\n\n\n<h2 class=\"wp-block-heading\">Formulaires et interactivit\u00e9:<\/h2>\n\n\n\n<p>Vos renseignements personnels sont collect\u00e9s par le biais de formulaire, \u00e0 savoir :<\/p>\n\n\n\n<ul class=\"wp-block-list\"><li>Formulaire de contact du site Web<\/li><\/ul>\n\n\n\n<p>Nous utilisons les renseignements ainsi collect\u00e9s pour les finalit\u00e9s suivantes :<\/p>\n\n\n\n<ul class=\"wp-block-list\"><li>Statistiques<\/li><li>Contact<\/li><\/ul>\n\n\n\n<p>Vos renseignements sont \u00e9galement collect\u00e9s par le biais de l\u2019interactivit\u00e9 pouvant s\u2019\u00e9tablir entre vous et notre site Web et ce, de la fa\u00e7on suivante:<\/p>\n\n\n\n<ul class=\"wp-block-list\"><li>Statistiques<\/li><li>Contact<\/li><\/ul>\n\n\n\n<p>Nous utilisons les renseignements ainsi collect\u00e9s pour les finalit\u00e9s suivantes :<\/p>\n\n\n\n<ul class=\"wp-block-list\"><li>Correspondance<\/li><li>Informations ou pour des offres promotionnelles<\/li><\/ul>\n\n\n\n<hr class=\"wp-block-separator\"\/>\n\n\n\n<h2 class=\"wp-block-heading\">Fichiers journaux et t\u00e9moins<\/h2>\n\n\n\n<p>Nous recueillons certaines informations par le biais de fichiers journaux (log file) et de fichiers t\u00e9moins (cookies). Il s\u2019agit principalement des informations suivantes :<\/p>\n\n\n\n<ul class=\"wp-block-list\"><li>Syst\u00e8me d\u2019exploitation<\/li><li>Pages visit\u00e9es et requ\u00eates<\/li><li>Heure et jour de connexion<\/li><\/ul>\n\n\n\n<p>Le recours \u00e0 de tels fichiers nous permet :<\/p>\n\n\n\n<ul class=\"wp-block-list\"><li>Am\u00e9lioration du service et accueil personnalis\u00e9<\/li><li>Statistique<\/li><\/ul>\n\n\n\n<hr class=\"wp-block-separator\"\/>\n\n\n\n<h2 class=\"wp-block-heading\">Droit d\u2019opposition et de retrait<\/h2>\n\n\n\n<p>Nous nous engageons \u00e0 vous offrir un droit d\u2019opposition et de retrait quant \u00e0 vos renseignements personnels. Le droit d\u2019opposition s\u2019entend comme \u00e9tant la possibilit\u00e9 offerte aux internautes de refuser que leurs renseignements personnels soient utilis\u00e9es \u00e0 certaines fins mentionn\u00e9es lors de la collecte. Le droit de retrait s\u2019entend comme \u00e9tant la possibilit\u00e9 offerte aux internautes de demander \u00e0 ce que leurs renseignements personnels ne figurent plus, par exemple, dans une liste de diffusion.<\/p>\n\n\n\n<p>Pour pouvoir exercer ces droits, vous pouvez le faire par :<\/p>\n\n\n\n<p>Courrier Postal :<br>1 la Haute Pr\u00e8ze<br>16220 ROUZEDE<\/p>\n\n\n\n<p>Courriel : <a href=\"mailto:contact@golffrance.eu\">contact@golffrance.eu<\/a><\/p>\n\n\n\n<p>En France (+33) :<br>06 24 65 56 62 (whatsapp)<\/p>\n\n\n\n<p>Depuis \/ Aux Pays-Bas (+31) :<br>06 222 55 930 (FaceTime & whatsapp)<\/p>\n\n\n\n<p>Section du site web :<br>En bas de cette page<\/p>\n\n\n\n<hr class=\"wp-block-separator\"\/>\n\n\n\n<h2 class=\"wp-block-heading\">Droit d\u2019acc\u00e8s<\/h2>\n\n\n\n<p>Nous nous engageons \u00e0 reconna\u00eetre un droit d\u2019acc\u00e8s et de rectification aux personnes concern\u00e9es d\u00e9sireuses de consulter, modifier, voire radier les informations les concernant.<\/p>\n\n\n\n<p>L\u2019exercice de ce droit se fera par :<\/p>\n\n\n\n<p>Courrier Postal :<br>1 la Haute Pr\u00e8ze<br>16220 ROUZEDE<\/p>\n\n\n\n<p>Courriel : <a href=\"mailto:contact@golffrance.eu\">contact@golffrance.eu<\/a><\/p>\n\n\n\n<p>En France (+33) :<br>06 24 65 56 62 (whatsapp)<\/p>\n\n\n\n<p>Depuis \/ Aux Pays-Bas (+31) :<br>06 222 55 930 (FaceTime & whatsapp)<\/p>\n\n\n\n<p>Section du site web :<br>En bas de cette page<\/p>\n\n\n\n<hr class=\"wp-block-separator\"\/>\n\n\n\n<h2 class=\"wp-block-heading\">S\u00e9curit\u00e9<\/h2>\n\n\n\n<p>Les renseignements personnels que nous collectons sont conserv\u00e9s dans un environnement s\u00e9curis\u00e9. Les personnes travaillant pour nous sont tenues de respecter la confidentialit\u00e9 de vos informations. Pour assurer la s\u00e9curit\u00e9 de vos renseignements personnels, nous avons recours aux mesures suivantes :<\/p>\n\n\n\n<ul class=\"wp-block-list\"><li>Protocole SSL (Secure Sockets Layer)<\/li><li>Gestion des acc\u00e8s \u2013 personne autoris\u00e9e<\/li><li>Sauvegarde informatique<\/li><li>D\u00e9veloppement de certificat num\u00e9rique<\/li><li>Identifiant \/ mot de passe<\/li><li>Pare-feu (Firewalls)<\/li><\/ul>\n\n\n\n<p>Nous nous engageons \u00e0 maintenir un haut degr\u00e9 de confidentialit\u00e9 en int\u00e9grant les derni\u00e8res innovations technologiques permettant d\u2019assurer la confidentialit\u00e9 de vos transactions. Toutefois, comme aucun m\u00e9canisme n\u2019offre une s\u00e9curit\u00e9 maximale, une part de risque est toujours pr\u00e9sente lorsque l\u2019on utilise Internet pour transmettre des renseignements personnels.<\/p>\n\n\n\n<hr class=\"wp-block-separator\"\/>\n\n\n\n<h2 class=\"wp-block-heading\">L\u00e9gislation<\/h2>\n\n\n\n<p>Nous nous engageons \u00e0 respecter les dispositions l\u00e9gislatives \u00e9nonc\u00e9es dans : https:\/\/www.cnil.fr\/fr\/loi-78-17-du-6-janvier-1978-modifiee<\/p>\n\n\n\n<hr class=\"wp-block-separator\"\/>\n\n\n\n<h2 class=\"wp-block-heading\">Formulaire d\u2019acc\u00e8s aux donn\u00e9es personnelles<\/h2>\n\n\n\t\t<form action=\"https:\/\/www.golffrance.eu\/wp-admin\/admin-ajax.php\" method=\"post\" id=\"gdrf-form\">\n\t\t\t<input type=\"hidden\" name=\"action\" value=\"gdrf_data_request\" \/>\n\t\t\t<input type=\"hidden\" name=\"gdrf_data_human_key\" id=\"gdrf_data_human_key\" value=\"50008\" \/>\n\t\t\t<input type=\"hidden\" name=\"gdrf_data_nonce\" id=\"gdrf_data_nonce\" value=\"5428bb29ad\" \/>\n\n\t\t\t\t\t<div class=\"gdrf-field gdrf-field-action\" role=\"radiogroup\" aria-labelledby=\"gdrf-radio-label\">\n\t\t\t\t<p id=\"gdrf-radio-label\">\n\t\t\t\t\tS\u00e9lectionner un type de demande\u00a0:\t\t\t\t<\/p>\n\n\t\t\t\t<input id=\"gdrf-data-type-export\" class=\"gdrf-data-type-input\" type=\"radio\" name=\"gdrf_data_type\" value=\"export_personal_data\" \/>\n\t\t\t\t<label for=\"gdrf-data-type-export\" class=\"gdrf-data-type-label\">\n\t\t\t\t\tExporter mes donn\u00e9es personnelles\t\t\t\t<\/label>\n\t\t\t\t<br \/>\n\t\t\t\t<input id=\"gdrf-data-type-remove\" class=\"gdrf-data-type-input\" type=\"radio\" name=\"gdrf_data_type\" value=\"remove_personal_data\" \/>\n\t\t\t\t<label for=\"gdrf-data-type-remove\" class=\"gdrf-data-type-label\">\n\t\t\t\t\tSupprimer mes donn\u00e9es personnelles\t\t\t\t<\/label>\n\t\t\t<\/div>\n\t\t\n\t\t\t<p class=\"gdrf-field gdrf-field-email\">\n\t\t\t\t<label for=\"gdrf_data_email\">\n\t\t\t\t\tVotre adresse de messagerie (obligatoire)\t\t\t\t<\/label>\n\t\t\t\t<input type=\"email\" id=\"gdrf_data_email\" name=\"gdrf_data_email\" required \/>\n\t\t\t<\/p>\n\n\t\t\t<p class=\"gdrf-field gdrf-field-human\">\n\t\t\t\t<label for=\"gdrf_data_human\">\n\t\t\t\t\tV\u00e9rification antispam (obligatoire)\u00a0:\t\t\t\t\t5\u00a0+\u00a08\u00a0=\u00a0?\t\t\t\t<\/label>\n\t\t\t\t<input type=\"text\" id=\"gdrf_data_human\" name=\"gdrf_data_human\" required \/>\n\t\t\t<\/p>\n\n\t\t\t<p class=\"gdrf-field gdrf-field-submit\">\n\t\t\t\t<input id=\"gdrf-submit-button\" type=\"submit\" class=\"wp-element-button\" value=\"Envoyer la demande\" \/>\n\t\t\t<\/p>\n\t\t<\/form>\n\t\t\n","protected":false},"excerpt":{"rendered":"<p>Introduction Devant le d\u00e9veloppement des nouveaux outils de communication, il est n\u00e9cessaire de porter une attention particuli\u00e8re \u00e0 la protection de la vie priv\u00e9e. C\u2019est pourquoi, nous nous engageons \u00e0 respecter la confidentialit\u00e9 des renseignements personnels que nous collectons. Collecte &hellip; <a href=\"https:\/\/www.golffrance.eu\/fr\/politique-de-confidentialite\/\">En savoir plus<\/a><\/p>\n","protected":false},"author":1,"featured_media":0,"parent":0,"menu_order":0,"comment_status":"closed","ping_status":"closed","template":"","meta":{"_exactmetrics_skip_tracking":false,"_exactmetrics_sitenote_active":false,"_exactmetrics_sitenote_note":"","_exactmetrics_sitenote_category":0,"footnotes":""},"class_list":["post-1882","page","type-page","status-publish","hentry"],"_links":{"self":[{"href":"https:\/\/www.golffrance.eu\/fr\/wp-json\/wp\/v2\/pages\/1882","targetHints":{"allow":["GET"]}}],"collection":[{"href":"https:\/\/www.golffrance.eu\/fr\/wp-json\/wp\/v2\/pages"}],"about":[{"href":"https:\/\/www.golffrance.eu\/fr\/wp-json\/wp\/v2\/types\/page"}],"author":[{"embeddable":true,"href":"https:\/\/www.golffrance.eu\/fr\/wp-json\/wp\/v2\/users\/1"}],"replies":[{"embeddable":true,"href":"https:\/\/www.golffrance.eu\/fr\/wp-json\/wp\/v2\/comments?post=1882"}],"version-history":[{"count":2,"href":"https:\/\/www.golffrance.eu\/fr\/wp-json\/wp\/v2\/pages\/1882\/revisions"}],"predecessor-version":[{"id":1884,"href":"https:\/\/www.golffrance.eu\/fr\/wp-json\/wp\/v2\/pages\/1882\/revisions\/1884"}],"wp:attachment":[{"href":"https:\/\/www.golffrance.eu\/fr\/wp-json\/wp\/v2\/media?parent=1882"}],"curies":[{"name":"wp","href":"https:\/\/api.w.org\/{rel}","templated":true}]}}