{"id":2141,"date":"2021-09-23T17:22:23","date_gmt":"2021-09-23T15:22:23","guid":{"rendered":"https:\/\/www.golffrance.eu\/?page_id=2141"},"modified":"2021-12-03T16:46:43","modified_gmt":"2021-12-03T15:46:43","slug":"livre-dor","status":"publish","type":"page","link":"https:\/\/www.golffrance.eu\/fr\/livre-dor\/","title":{"rendered":"Livre d&rsquo;or"},"content":{"rendered":"\t\t<div data-elementor-type=\"wp-page\" data-elementor-id=\"2141\" class=\"elementor elementor-2141\" data-elementor-post-type=\"page\">\n\t\t\t\t\t\t<section class=\"elementor-section elementor-top-section elementor-element elementor-element-29d6a41 elementor-section-full_width elementor-section-height-default elementor-section-height-default\" data-id=\"29d6a41\" data-element_type=\"section\" data-e-type=\"section\">\n\t\t\t\t\t\t<div class=\"elementor-container elementor-column-gap-default\">\n\t\t\t\t\t<div class=\"elementor-column elementor-col-33 elementor-top-column elementor-element elementor-element-f4e46dd\" data-id=\"f4e46dd\" data-element_type=\"column\" data-e-type=\"column\">\n\t\t\t<div class=\"elementor-widget-wrap elementor-element-populated\">\n\t\t\t\t\t\t<div class=\"elementor-element elementor-element-1861295 elementor-widget elementor-widget-image\" data-id=\"1861295\" data-element_type=\"widget\" data-e-type=\"widget\" data-widget_type=\"image.default\">\n\t\t\t\t<div class=\"elementor-widget-container\">\n\t\t\t\t\t\t\t\t\t\t\t\t\t\t\t<img fetchpriority=\"high\" decoding=\"async\" width=\"446\" height=\"164\" src=\"https:\/\/www.golffrance.eu\/wp-content\/uploads\/2021\/12\/booking.jpg\" class=\"attachment-large size-large wp-image-2351\" alt=\"\" srcset=\"https:\/\/www.golffrance.eu\/wp-content\/uploads\/2021\/12\/booking.jpg 446w, https:\/\/www.golffrance.eu\/wp-content\/uploads\/2021\/12\/booking-300x110.jpg 300w, https:\/\/www.golffrance.eu\/wp-content\/uploads\/2021\/12\/booking-122x45.jpg 122w, https:\/\/www.golffrance.eu\/wp-content\/uploads\/2021\/12\/booking-218x80.jpg 218w, https:\/\/www.golffrance.eu\/wp-content\/uploads\/2021\/12\/booking-394x145.jpg 394w\" sizes=\"(max-width: 446px) 100vw, 446px\" \/>\t\t\t\t\t\t\t\t\t\t\t\t\t\t\t<\/div>\n\t\t\t\t<\/div>\n\t\t\t\t\t<\/div>\n\t\t<\/div>\n\t\t\t\t<div class=\"elementor-column elementor-col-33 elementor-top-column elementor-element elementor-element-5a5d398\" data-id=\"5a5d398\" data-element_type=\"column\" data-e-type=\"column\">\n\t\t\t<div class=\"elementor-widget-wrap elementor-element-populated\">\n\t\t\t\t\t\t<div class=\"elementor-element elementor-element-d2de726 elementor-widget elementor-widget-testimonial\" data-id=\"d2de726\" data-element_type=\"widget\" data-e-type=\"widget\" data-widget_type=\"testimonial.default\">\n\t\t\t\t<div class=\"elementor-widget-container\">\n\t\t\t\t\t\t\t<div class=\"elementor-testimonial-wrapper\">\n\t\t\t\t\t\t\t<div class=\"elementor-testimonial-content\">S\u00e9jour golfique de charme.\nL'accueil de Reinier le propri\u00e9taire est exceptionnel de gentillesse !!\ntr\u00e8s beau gite plac\u00e9 \u00e0 5mn du golf\ngite tr\u00e8s tr\u00e8s bien \u00e9quip\u00e9.<\/div>\n\t\t\t\n\t\t\t\t\t\t<div class=\"elementor-testimonial-meta elementor-has-image elementor-testimonial-image-position-aside\">\n\t\t\t\t<div class=\"elementor-testimonial-meta-inner\">\n\t\t\t\t\t\t\t\t\t\t\t<div class=\"elementor-testimonial-image\">\n\t\t\t\t\t\t\t<img decoding=\"async\" width=\"64\" height=\"64\" src=\"https:\/\/www.golffrance.eu\/wp-content\/uploads\/2021\/12\/telechargement.jpeg\" class=\"attachment-full size-full wp-image-2345\" alt=\"\" srcset=\"https:\/\/www.golffrance.eu\/wp-content\/uploads\/2021\/12\/telechargement.jpeg 64w, https:\/\/www.golffrance.eu\/wp-content\/uploads\/2021\/12\/telechargement-45x45.jpeg 45w\" sizes=\"(max-width: 64px) 100vw, 64px\" \/>\t\t\t\t\t\t<\/div>\n\t\t\t\t\t\n\t\t\t\t\t\t\t\t\t\t<div class=\"elementor-testimonial-details\">\n\t\t\t\t\t\t\t\t\t\t\t\t\t\t<div class=\"elementor-testimonial-name\">Gambetta13 <\/div>\n\t\t\t\t\t\t\t\t\t\t\t\t\t\t\t\t\t\t\t\t\t\t<div class=\"elementor-testimonial-job\">septembre 2021<\/div>\n\t\t\t\t\t\t\t\t\t\t\t\t\t<\/div>\n\t\t\t\t\t\t\t\t\t<\/div>\n\t\t\t<\/div>\n\t\t\t\t\t<\/div>\n\t\t\t\t\t\t<\/div>\n\t\t\t\t<\/div>\n\t\t\t\t\t<\/div>\n\t\t<\/div>\n\t\t\t\t<div class=\"elementor-column elementor-col-33 elementor-top-column elementor-element elementor-element-c818522\" data-id=\"c818522\" data-element_type=\"column\" data-e-type=\"column\">\n\t\t\t<div class=\"elementor-widget-wrap\">\n\t\t\t\t\t\t\t<\/div>\n\t\t<\/div>\n\t\t\t\t\t<\/div>\n\t\t<\/section>\n\t\t\t\t<section class=\"elementor-section elementor-top-section elementor-element elementor-element-3a259cb elementor-section-full_width elementor-section-height-default elementor-section-height-default\" data-id=\"3a259cb\" data-element_type=\"section\" data-e-type=\"section\">\n\t\t\t\t\t\t<div class=\"elementor-container elementor-column-gap-default\">\n\t\t\t\t\t<div class=\"elementor-column elementor-col-33 elementor-top-column elementor-element elementor-element-cf67888\" data-id=\"cf67888\" data-element_type=\"column\" data-e-type=\"column\">\n\t\t\t<div class=\"elementor-widget-wrap elementor-element-populated\">\n\t\t\t\t\t\t<div class=\"elementor-element elementor-element-44fabb6 elementor-widget elementor-widget-image\" data-id=\"44fabb6\" data-element_type=\"widget\" data-e-type=\"widget\" data-widget_type=\"image.default\">\n\t\t\t\t<div class=\"elementor-widget-container\">\n\t\t\t\t\t\t\t\t\t\t\t\t\t\t\t<img decoding=\"async\" width=\"447\" height=\"113\" src=\"https:\/\/www.golffrance.eu\/wp-content\/uploads\/2021\/12\/telechargement-1.jpeg\" class=\"attachment-large size-large wp-image-2360\" alt=\"\" srcset=\"https:\/\/www.golffrance.eu\/wp-content\/uploads\/2021\/12\/telechargement-1.jpeg 447w, https:\/\/www.golffrance.eu\/wp-content\/uploads\/2021\/12\/telechargement-1-300x76.jpeg 300w, https:\/\/www.golffrance.eu\/wp-content\/uploads\/2021\/12\/telechargement-1-178x45.jpeg 178w, https:\/\/www.golffrance.eu\/wp-content\/uploads\/2021\/12\/telechargement-1-316x80.jpeg 316w, https:\/\/www.golffrance.eu\/wp-content\/uploads\/2021\/12\/telechargement-1-394x100.jpeg 394w\" sizes=\"(max-width: 447px) 100vw, 447px\" \/>\t\t\t\t\t\t\t\t\t\t\t\t\t\t\t<\/div>\n\t\t\t\t<\/div>\n\t\t\t\t\t<\/div>\n\t\t<\/div>\n\t\t\t\t<div class=\"elementor-column elementor-col-66 elementor-top-column elementor-element elementor-element-40641f9\" data-id=\"40641f9\" data-element_type=\"column\" data-e-type=\"column\">\n\t\t\t<div class=\"elementor-widget-wrap elementor-element-populated\">\n\t\t\t\t\t\t<div class=\"elementor-element elementor-element-e45db3c elementor-widget elementor-widget-testimonial\" data-id=\"e45db3c\" data-element_type=\"widget\" data-e-type=\"widget\" data-widget_type=\"testimonial.default\">\n\t\t\t\t<div class=\"elementor-widget-container\">\n\t\t\t\t\t\t\t<div class=\"elementor-testimonial-wrapper\">\n\t\t\t\t\t\t\t<div class=\"elementor-testimonial-content\">Les propri\u00e9taires nous ont d\u00e9pann\u00e9s dans un moment difficile (d\u00e9c\u00e8s) et ont \u00e9t\u00e9 pleins de d\u00e9licatesse. Ils ont tout fait pour nous simplifier la vie et se sont montr\u00e9s tr\u00e8s flexibles. Le g\u00eete (nous avions 2 appartements sur 3) est tr\u00e8s bien am\u00e9nag\u00e9, beau et fonctionnel. Le b\u00e2timent a gard\u00e9 son caract\u00e8re authentique de ferme tout en proposant tout le confort moderne. Il y a suffisamment de places de parking, une v\u00e9randa couverte pour pouvoir prendre le frais \u00e0 l'abri.\n\u00c0 recommander absolument, tr\u00e8s bon rapport qualit\u00e9 prix (les draps, torchons, esuie-mains sont fournis) et tr\u00e8s bon contact avec les loueurs.\nNous reviendrons avec plaisir ! Merci !<\/div>\n\t\t\t\n\t\t\t\t\t\t<div class=\"elementor-testimonial-meta\">\n\t\t\t\t<div class=\"elementor-testimonial-meta-inner\">\n\t\t\t\t\t\n\t\t\t\t\t\t\t\t\t\t<div class=\"elementor-testimonial-details\">\n\t\t\t\t\t\t\t\t\t\t\t\t\t\t<div class=\"elementor-testimonial-name\">Fran\u00e7oise<\/div>\n\t\t\t\t\t\t\t\t\t\t\t\t\t\t\t\t\t\t\t\t\t\t<div class=\"elementor-testimonial-job\">f\u00e9vrier 2021<\/div>\n\t\t\t\t\t\t\t\t\t\t\t\t\t<\/div>\n\t\t\t\t\t\t\t\t\t<\/div>\n\t\t\t<\/div>\n\t\t\t\t\t<\/div>\n\t\t\t\t\t\t<\/div>\n\t\t\t\t<\/div>\n\t\t\t\t\t<\/div>\n\t\t<\/div>\n\t\t\t\t\t<\/div>\n\t\t<\/section>\n\t\t\t\t<section class=\"elementor-section elementor-top-section elementor-element elementor-element-85be8c7 elementor-section-boxed elementor-section-height-default elementor-section-height-default\" data-id=\"85be8c7\" data-element_type=\"section\" data-e-type=\"section\">\n\t\t\t\t\t\t<div class=\"elementor-container elementor-column-gap-default\">\n\t\t\t\t\t<div class=\"elementor-column elementor-col-100 elementor-top-column elementor-element elementor-element-4a1b6f3\" data-id=\"4a1b6f3\" data-element_type=\"column\" data-e-type=\"column\">\n\t\t\t<div class=\"elementor-widget-wrap elementor-element-populated\">\n\t\t\t\t\t\t<div class=\"elementor-element elementor-element-48fe59f elementor-widget elementor-widget-shortcode\" data-id=\"48fe59f\" data-element_type=\"widget\" data-e-type=\"widget\" data-widget_type=\"shortcode.default\">\n\t\t\t\t<div class=\"elementor-widget-container\">\n\t\t\t\t\t\t\t<div class=\"elementor-shortcode\"><div class=\"gwolle-gb\"><div class=\"gwolle-gb-messages-top-container\"><\/div>\n\t\t\t<div class=\"gwolle-gb-write-button\">\n\t\t\t\t<input type=\"button\" name=\"gwolle-gb-write-button\" class=\"button btn btn-default \" value=\"\u00c9crire un nouveau message\" aria-expanded=\"false\" \/>\n\t\t\t<\/div>\n\t\t\t<form action=\"#\" method=\"POST\" class=\"gwolle-gb-write gwolle-gb-hide gwolle-gb-float gwolle-gb-form-ajax gwolle-gb-ajax gwolle-gb-not-logged-in\">\n\t\t\t\t<h3>\u00c9crivez un nouveau message dans le livre d\u2019or<\/h3>\n\t\t\t\t<button type=\"button\" class=\"gb-notice-dismiss\">x<span class=\"screen-reader-text\">Masquer ce formulaire.<\/span><\/button>\n\t\t\t\n\t\t\t\t<input type=\"hidden\" name=\"gwolle_gb_function\" class=\"gwolle_gb_function\" value=\"add_entry\" \/><input type=\"hidden\" name=\"gwolle_gb_book_id\" class=\"gwolle_gb_book_id\" value=\"1\" \/><div class=\"gwolle_gb_9c7312c7b3fd75fabbb9bd55f0077a8d\">\n\t\t\t\t<div class=\"label\"><label for=\"gwolle_gb_9c7312c7b3fd75fabbb9bd55f0077a8d-1\" class=\"text-info\">Nom <span class=\"required\">*<\/span><\/label><\/div>\n\t\t\t\t<div class=\"input\"><input class=\"wp-exclude-emoji gwolle_gb_9c7312c7b3fd75fabbb9bd55f0077a8d\" value=\"\" type=\"text\" id=\"gwolle_gb_9c7312c7b3fd75fabbb9bd55f0077a8d-1\" name=\"gwolle_gb_9c7312c7b3fd75fabbb9bd55f0077a8d\" required \/><\/div>\n\t\t\t\t<div class=\"clearBoth\">&nbsp;<\/div>\n\t\t\t<\/div><div class=\"gwolle_gb_66e9b4c154ef8e7c5f19eaf5d859ce46\">\n\t\t\t\t\t<div class=\"label\"><label for=\"gwolle_gb_66e9b4c154ef8e7c5f19eaf5d859ce46-1\" class=\"text-info\">Ville<\/label><\/div>\n\t\t\t\t\t<div class=\"input\"><input class=\"wp-exclude-emoji gwolle_gb_66e9b4c154ef8e7c5f19eaf5d859ce46\" value=\"\" type=\"text\" id=\"gwolle_gb_66e9b4c154ef8e7c5f19eaf5d859ce46-1\" name=\"gwolle_gb_66e9b4c154ef8e7c5f19eaf5d859ce46\" \/><\/div>\n\t\t\t\t\t<div class=\"clearBoth\">&nbsp;<\/div>\n\t\t\t\t<\/div><div class=\"gwolle_gb_a41c3381d6f74b17b7c891d9b01d9d93\">\n\t\t\t\t<div class=\"label\"><label for=\"gwolle_gb_a41c3381d6f74b17b7c891d9b01d9d93-1\" class=\"text-info\">E-mail <span class=\"required\">*<\/span><\/label><\/div>\n\t\t\t\t<div class=\"input\"><input class=\"gwolle_gb_a41c3381d6f74b17b7c891d9b01d9d93\" value=\"\" type=\"email\" id=\"gwolle_gb_a41c3381d6f74b17b7c891d9b01d9d93-1\" name=\"gwolle_gb_a41c3381d6f74b17b7c891d9b01d9d93\" required \/><\/div>\n\t\t\t\t<div class=\"clearBoth\">&nbsp;<\/div>\n\t\t\t<\/div>\n\t\t\t<div class=\"gwolle_gb_bb71a2b526117c6c2ec64bb696d979a0\" style=\"display:none;overflow:hidden;\" hidden=\"true\" aria-hidden=\"true\">\n\t\t\t\t<div class=\"label\">\n\t\t\t\t\t<label for=\"gwolle_gb_bb71a2b526117c6c2ec64bb696d979a0-1\" class=\"text-primary\">Ne touchez pas \u00e0 ceci<\/label>\n\t\t\t\t\t<label for=\"gwolle_gb_91ecd9bc6dd15343ed8ac1ab0e180cd8-1\" class=\"text-primary\">Ne touchez pas \u00e0 ceci<\/label>\n\t\t\t\t<\/div>\n\t\t\t\t<div class=\"input\">\n\t\t\t\t\t<input value=\"44\" type=\"text\" id=\"gwolle_gb_bb71a2b526117c6c2ec64bb696d979a0-1\" name=\"gwolle_gb_bb71a2b526117c6c2ec64bb696d979a0\" class=\"gwolle_gb_bb71a2b526117c6c2ec64bb696d979a0\" style=\"transform: translateY(10000px);\" \/>\n\t\t\t\t\t<input value=\"\" type=\"text\" name=\"gwolle_gb_91ecd9bc6dd15343ed8ac1ab0e180cd8\" id=\"gwolle_gb_91ecd9bc6dd15343ed8ac1ab0e180cd8-1\" class=\"gwolle_gb_91ecd9bc6dd15343ed8ac1ab0e180cd8\" style=\"transform: translateY(10000px);\" \/>\n\t\t\t\t<\/div>\n\t\t\t\t<div class=\"clearBoth\"><\/div>\n\t\t\t<\/div>\n\t\t\t<div class=\"gwolle_gb_bc4bda9416ac9a05a0a1a47be4b4129a\" style=\"display:none;overflow:hidden;\" hidden=\"true\" aria-hidden=\"true\">\n\t\t\t\t<div class=\"label\">\n\t\t\t\t\t<label for=\"gwolle_gb_bc4bda9416ac9a05a0a1a47be4b4129a-1\" class=\"text-primary\">Ne touchez pas \u00e0 ceci<\/label>\n\t\t\t\t\t<label for=\"gwolle_gb_ec0d17f70e1a9b7bab444d6b65bcc1f9-1\" class=\"text-primary\">Ne touchez pas \u00e0 ceci<\/label>\n\t\t\t\t<\/div>\n\t\t\t\t<div class=\"input\">\n\t\t\t\t\t<input value=\"19723\" type=\"text\" id=\"gwolle_gb_bc4bda9416ac9a05a0a1a47be4b4129a-1\" name=\"gwolle_gb_bc4bda9416ac9a05a0a1a47be4b4129a\" class=\"gwolle_gb_bc4bda9416ac9a05a0a1a47be4b4129a\" style=\"transform: translateY(10000px);\" \/>\n\t\t\t\t\t<input value=\"19723\" type=\"text\"id=\"gwolle_gb_ec0d17f70e1a9b7bab444d6b65bcc1f9-1\" name=\"gwolle_gb_ec0d17f70e1a9b7bab444d6b65bcc1f9\" class=\"gwolle_gb_ec0d17f70e1a9b7bab444d6b65bcc1f9\" style=\"transform: translateY(10000px);\" \/>\n\t\t\t\t<\/div>\n\t\t\t\t<div class=\"clearBoth\"><\/div>\n\t\t\t<\/div><div class=\"gwolle_gb_content\">\n\t\t\t\t<div class=\"label\"><label for=\"gwolle_gb_content-1\" class=\"text-info\">Message du livre d\u2019or <span class=\"required\">*<\/span><\/label><\/div>\n\t\t\t\t<div class=\"input\"><textarea id=\"gwolle_gb_content-1\" name=\"gwolle_gb_content\" class=\"gwolle_gb_content wp-exclude-emoji\" required ><\/textarea><\/div>\n\t\t\t\t\t<div class=\"clearBoth\">&nbsp;<\/div>\n\t\t\t\t<\/div>\n\t\t\t\t<div class=\"gwolle_gb_privacy gwolle-gb-privacy\">\n\t\t\t\t\t<div class=\"label\"><label for=\"gwolle_gb_privacy-1\" class=\"text-info\">J\u2019accepte  la politique de confidentialit\u00e9 <span class=\"required\">*<\/span><\/label><\/div>\n\t\t\t\t\t<div class=\"input\"><input type=\"checkbox\" id=\"gwolle_gb_privacy-1\" name=\"gwolle_gb_privacy\" class=\"gwolle_gb_privacy\" required \/><\/div>\n\t\t\t\t\t<div class=\"clearBoth\">&nbsp;<\/div>\n\t\t\t\t<\/div><input type=\"hidden\" class=\"gwolle_gb_6ecac03db45598b90a113759f9908695\" id=\"gwolle_gb_6ecac03db45598b90a113759f9908695-1\" name=\"gwolle_gb_6ecac03db45598b90a113759f9908695\" value=\"0ecf52a7d3\" \/>\n\t\t\t<div class=\"gwolle-gb-messages-bottom-container\"><\/div>\n\n\t\t\t<noscript><div class=\"no-js\">Avertissement\u00a0: Ce formulaire ne peut \u00eatre utilis\u00e9 que si JavaScript est activ\u00e9 dans votre navigateur.<\/div><\/noscript>\n\n\t\t\t<div class=\"gwolle_gb_submit gwolle-gb-submit\">\n\t\t\t\t<div class=\"label gwolle-gb-invisible text-muted\">&nbsp;<\/div>\n\t\t\t\t<div class=\"input\">\n\t\t\t\t\t<input type=\"submit\" name=\"gwolle_gb_submit\" class=\"gwolle_gb_submit button btn btn-primary \" value=\"Envoyer\" \/>\n\t\t\t\t\t<span class=\"gwolle_gb_submit_ajax_icon gwolle-gb-submit-ajax-icon\"><\/span>\n\t\t\t\n\t\t\t\t<\/div>\n\t\t\t\t<div class=\"clearBoth\">&nbsp;<\/div>\n\t\t\t<\/div>\n\n\t\t\t<div class=\"gwolle_gb_notice gwolle-gb-notice\">\n\t\t\t\tLes champs marqu\u00e9s d&#039;une \u00e9toile sont obligatoires.<br \/>\r\nVotre adresse e-mail ne sera pas publi\u00e9e.<br \/>\r\nVotre message ne sera visible dans le livre d&#039;or qu&#039;apr\u00e8s validation.<br \/>\r\nNous nous r\u00e9servons le droit de modifier, supprimer ou ne pas publier les messages.\n\t\t\t<\/div><\/form><div class=\"gwolle-gb-read gwolle-gb-ajax gwolle-gb-entries-list\" data-book_id=\"1\" data-page_id=\"1\">\n\t\t<div id=\"gwolle-gb-total\" class=\"gwolle-gb-total\">1 message.<\/div><!-- Gwolle-GB Entry: Default Template Loaded -->\n\t\t\t\t<div class=\"gb-entry gb-entry_1 gb-entry-count_1 gwolle-gb-uneven gwolle-gb-first\" id=\"gb-entry_1\" data-entry_id=\"1\">\n\t\t\t\t<article>\n\t\t\t\t\t<div class=\"gb-author-info\">\n\t\t\t\t\t\t<span class=\"gb-author-avatar\"><img referrerpolicy=\"no-referrer\" alt='Erika DURAND' src='https:\/\/secure.gravatar.com\/avatar\/c1da93d347b6f1a7e79ec77bd6869a1debce94756f4f57318e81b5b10d268c96?s=32&#038;d=mm&#038;r=g' srcset='https:\/\/secure.gravatar.com\/avatar\/c1da93d347b6f1a7e79ec77bd6869a1debce94756f4f57318e81b5b10d268c96?s=64&#038;d=mm&#038;r=g 2x' class='avatar avatar-32 photo' height='32' width='32' \/><\/span>\n\t\t\t\t\t\t<span class=\"gb-author-name\">Erika DURAND\n\t\t\t\t\t\t<\/span>\n\t\t\t\t\t\t<span class=\"gb-datetime\">\n\t\t\t\t\t\t\t<span class=\"gb-date\"><span class=\"gb-date-wrote-text\"> a \u00e9crit le<\/span><span class=\"gb-date-text\"> 23 septembre 2021<\/span>\n\t\t\t\t\t\t\t<\/span><span class=\"gb-time\">\n\t\t\t\t\t\t\t\t\t<span class=\"gb-time-at-text\"> \u00e0<\/span>\n\t\t\t\t\t\t\t\t\t<span class=\"gb-time-text\"> 17 h 21 min<\/span>\n\t\t\t\t\t\t\t\t<\/span>\n\t\t\t\t\t\t<\/span> \n\t\t\t\t\t<\/div>\n\t\t\t\t\t<div class=\"gb-entry-content\">J&#039;ai pass\u00e9 un super s\u00e9jour. Je reviendrai avec plaisir \ud83d\ude0a Vivement l&#039;ann\u00e9e prochaine \ud83d\ude0d\n\t\t\t\t\t<\/div>\n\t\t\t\t\t<div class=\"gb-entry-admin_reply\">\n\t\t\t\t\t\t<div class=\"gb-admin-reply-uid\">\n\t\t\t\t\t\t\t<em>R\u00e9ponse d\u2019administrateur par\u00a0: support<\/em>\n\t\t\t\t\t\t<\/div> \n\t\t\t\t\t\t<div class=\"gb-admin-reply-content\">\n\t\t\t\t\t\tHeureux que vous ayez pass\u00e9 un bon s\u00e9jour chez nous. Nous vous attendons avec impatience l&#039;ann\u00e9e prochaine \ud83d\ude09\n\t\t\t\t\t\t<\/div>\n\t\t\t\t\t<\/div>\n\t\t\t\t<\/article>\n\t\t\t<\/div>\n\t\t\t<\/div><\/div><\/div>\n\t\t\t\t\t\t<\/div>\n\t\t\t\t<\/div>\n\t\t\t\t\t<\/div>\n\t\t<\/div>\n\t\t\t\t\t<\/div>\n\t\t<\/section>\n\t\t\t\t<\/div>\n\t\t","protected":false},"excerpt":{"rendered":"<p>S\u00e9jour golfique de charme. L&rsquo;accueil de Reinier le propri\u00e9taire est exceptionnel de gentillesse !! tr\u00e8s beau gite plac\u00e9 \u00e0 5mn du golf gite tr\u00e8s tr\u00e8s bien \u00e9quip\u00e9. Gambetta13 septembre 2021 Les propri\u00e9taires nous ont d\u00e9pann\u00e9s dans un moment difficile (d\u00e9c\u00e8s) &hellip; <a href=\"https:\/\/www.golffrance.eu\/fr\/livre-dor\/\">En savoir plus<\/a><\/p>\n","protected":false},"author":2,"featured_media":0,"parent":0,"menu_order":0,"comment_status":"closed","ping_status":"closed","template":"","meta":{"_exactmetrics_skip_tracking":false,"_exactmetrics_sitenote_active":false,"_exactmetrics_sitenote_note":"","_exactmetrics_sitenote_category":0,"footnotes":""},"class_list":["post-2141","page","type-page","status-publish","hentry"],"_links":{"self":[{"href":"https:\/\/www.golffrance.eu\/fr\/wp-json\/wp\/v2\/pages\/2141","targetHints":{"allow":["GET"]}}],"collection":[{"href":"https:\/\/www.golffrance.eu\/fr\/wp-json\/wp\/v2\/pages"}],"about":[{"href":"https:\/\/www.golffrance.eu\/fr\/wp-json\/wp\/v2\/types\/page"}],"author":[{"embeddable":true,"href":"https:\/\/www.golffrance.eu\/fr\/wp-json\/wp\/v2\/users\/2"}],"replies":[{"embeddable":true,"href":"https:\/\/www.golffrance.eu\/fr\/wp-json\/wp\/v2\/comments?post=2141"}],"version-history":[{"count":40,"href":"https:\/\/www.golffrance.eu\/fr\/wp-json\/wp\/v2\/pages\/2141\/revisions"}],"predecessor-version":[{"id":2386,"href":"https:\/\/www.golffrance.eu\/fr\/wp-json\/wp\/v2\/pages\/2141\/revisions\/2386"}],"wp:attachment":[{"href":"https:\/\/www.golffrance.eu\/fr\/wp-json\/wp\/v2\/media?parent=2141"}],"curies":[{"name":"wp","href":"https:\/\/api.w.org\/{rel}","templated":true}]}}